{"id":2937,"date":"2022-10-26T11:15:31","date_gmt":"2022-10-26T09:15:31","guid":{"rendered":"https:\/\/www.ehrensperger-ag.ch\/pompes\/compteurs-de-debit\/"},"modified":"2023-03-02T11:51:25","modified_gmt":"2023-03-02T10:51:25","slug":"compteurs-de-debit","status":"publish","type":"page","link":"https:\/\/www.ehrensperger-ag.ch\/fr\/pompes\/compteurs-de-debit\/","title":{"rendered":"Compteurs de d\u00e9bit"},"content":{"rendered":"<div class=\"fusion-fullwidth fullwidth-box fusion-builder-row-1 fusion-flex-container has-pattern-background has-mask-background nonhundred-percent-fullwidth non-hundred-percent-height-scrolling\" style=\"--link_hover_color: var(--awb-custom_color_1);--link_color: var(--awb-custom_color_1);--awb-border-radius-top-left:0px;--awb-border-radius-top-right:0px;--awb-border-radius-bottom-right:0px;--awb-border-radius-bottom-left:0px;--awb-flex-wrap:wrap;\" ><div class=\"fusion-builder-row fusion-row fusion-flex-align-items-stretch fusion-flex-content-wrap\" style=\"max-width:1731.6px;margin-left: calc(-4% \/ 2 );margin-right: calc(-4% \/ 2 );\"><div class=\"fusion-layout-column fusion_builder_column fusion-builder-column-0 fusion_builder_column_1_4 1_4 fusion-flex-column\" style=\"--awb-bg-size:cover;--awb-width-large:25%;--awb-margin-top-large:0px;--awb-spacing-right-large:7.68%;--awb-margin-bottom-large:0px;--awb-spacing-left-large:7.68%;--awb-width-medium:25%;--awb-order-medium:0;--awb-spacing-right-medium:7.68%;--awb-spacing-left-medium:7.68%;--awb-width-small:100%;--awb-order-small:0;--awb-spacing-right-small:1.92%;--awb-spacing-left-small:1.92%;\"><div class=\"fusion-column-wrapper fusion-column-has-shadow fusion-flex-justify-content-flex-start fusion-content-layout-column\"><div class=\"fusion-image-element \" style=\"text-align:center;--awb-caption-title-font-family:var(--h2_typography-font-family);--awb-caption-title-font-weight:var(--h2_typography-font-weight);--awb-caption-title-font-style:var(--h2_typography-font-style);--awb-caption-title-size:var(--h2_typography-font-size);--awb-caption-title-transform:var(--h2_typography-text-transform);--awb-caption-title-line-height:var(--h2_typography-line-height);--awb-caption-title-letter-spacing:var(--h2_typography-letter-spacing);\"><span class=\" fusion-imageframe imageframe-none imageframe-1 hover-type-none\"><img decoding=\"async\" width=\"499\" height=\"403\" title=\"cat_flow-meters\" src=\"https:\/\/www.ehrensperger-ag.ch\/wp-content\/uploads\/2022\/10\/cat_flow-meters.jpg\" data-orig-src=\"https:\/\/www.ehrensperger-ag.ch\/wp-content\/uploads\/2022\/10\/cat_flow-meters.jpg\" alt class=\"lazyload img-responsive wp-image-2632\" srcset=\"data:image\/svg+xml,%3Csvg%20xmlns%3D%27http%3A%2F%2Fwww.w3.org%2F2000%2Fsvg%27%20width%3D%27499%27%20height%3D%27403%27%20viewBox%3D%270%200%20499%20403%27%3E%3Crect%20width%3D%27499%27%20height%3D%27403%27%20fill-opacity%3D%220%22%2F%3E%3C%2Fsvg%3E\" data-srcset=\"https:\/\/www.ehrensperger-ag.ch\/wp-content\/uploads\/2022\/10\/cat_flow-meters-200x162.jpg 200w, https:\/\/www.ehrensperger-ag.ch\/wp-content\/uploads\/2022\/10\/cat_flow-meters-400x323.jpg 400w, https:\/\/www.ehrensperger-ag.ch\/wp-content\/uploads\/2022\/10\/cat_flow-meters.jpg 499w\" data-sizes=\"auto\" data-orig-sizes=\"(max-width: 667px) 100vw, 400px\" \/><\/span><\/div><\/div><\/div><div class=\"fusion-layout-column fusion_builder_column fusion-builder-column-1 fusion_builder_column_1_2 1_2 fusion-flex-column\" style=\"--awb-bg-size:cover;--awb-width-large:50%;--awb-margin-top-large:0px;--awb-spacing-right-large:3.84%;--awb-margin-bottom-large:0px;--awb-spacing-left-large:3.84%;--awb-width-medium:75%;--awb-order-medium:0;--awb-spacing-right-medium:2.56%;--awb-spacing-left-medium:2.56%;--awb-width-small:100%;--awb-order-small:0;--awb-spacing-right-small:1.92%;--awb-spacing-left-small:1.92%;\"><div class=\"fusion-column-wrapper fusion-column-has-shadow fusion-flex-justify-content-flex-start fusion-content-layout-column\"><div class=\"fusion-title title fusion-title-1 fusion-sep-none fusion-title-text fusion-title-size-one\" style=\"--awb-text-color:var(--awb-color8);--awb-margin-top-small:10px;--awb-margin-right-small:0px;--awb-margin-bottom-small:10px;--awb-margin-left-small:0px;\"><h1 class=\"fusion-title-heading title-heading-left\" style=\"margin:0;\">Compteurs de d\u00e9bit<\/h1><\/div><div class=\"fusion-separator\" style=\"align-self: flex-start;margin-right:auto;margin-top:10px;margin-bottom:30px;width:100%;max-width:100px;\"><div class=\"fusion-separator-border sep-single sep-solid\" style=\"--awb-height:20px;--awb-amount:20px;--awb-sep-color:var(--awb-custom_color_1);border-color:var(--awb-custom_color_1);border-top-width:2px;\"><\/div><\/div><ul style=\"--awb-item-padding-top:0.5em;--awb-item-padding-bottom:0.5em;--awb-line-height:27.2px;--awb-icon-width:27.2px;--awb-icon-height:27.2px;--awb-icon-margin:11.2px;--awb-content-margin:38.4px;--awb-circlecolor:var(--awb-custom_color_1);--awb-circle-yes-font-size:14.08px;\" class=\"fusion-checklist fusion-checklist-1 type-icons\"><li class=\"fusion-li-item\" style=\"\"><span class=\"icon-wrapper circle-yes\"><i class=\"fusion-li-icon fa-angle-right fas\" aria-hidden=\"true\"><\/i><\/span><div class=\"fusion-li-item-content\">\n<p>Les compteurs de d\u00e9bit FLUX, con\u00e7us selon les principes du disque oscillant, \u00e0 roue ovale, ou \u00e0 roue \u00e0 turbine, offrent une solution ad\u00e9quate pour tous les applications. Ils sont d\u00e9velopp\u00e9s pour une utilisation mobile avec des pompes vide-f\u00fbts ou vide-conteneurs FLUX ou en stationnaire, telle que sur la tuyauterie.<\/p>\n<\/div><\/li><li class=\"fusion-li-item\" style=\"\"><span class=\"icon-wrapper circle-yes\"><i class=\"fusion-li-icon fa-angle-right fas\" aria-hidden=\"true\"><\/i><\/span><div class=\"fusion-li-item-content\">\n<p>Le syst\u00e8me de mesure FLUXTRONIC<sup>\u00ae<\/sup> pour les diff\u00e9rents principes permet des proc\u00e9d\u00e9s de remplissage et de dosage extr\u00eamement pr\u00e9cise et s\u00fbr des fluides de toutes sortes. En mode automatique il est possible de g\u00e9n\u00e9rer des signaux afin de contr\u00f4ler des proc\u00e9d\u00e9s divers. Les processus les plus divers peuvent ainsi \u00eatre dirig\u00e9s.<\/p>\n<\/div><\/li><\/ul><div ><a class=\"fusion-button button-flat fusion-button-default-size button-custom fusion-button-default button-1 fusion-button-span-yes fusion-button-default-type\" style=\"--button_accent_color:var(--awb-color1);--button_accent_hover_color:var(--awb-color1);--button_border_hover_color:var(--awb-color1);--button_gradient_top_color:var(--awb-custom_color_1);--button_gradient_bottom_color:var(--awb-custom_color_1);--button_gradient_top_color_hover:var(--awb-color8);--button_gradient_bottom_color_hover:var(--awb-color8);--button_margin-top:25px;\" target=\"_self\" href=\"https:\/\/www.ehrensperger-ag.ch\/fr\/contact\/\"><span class=\"fusion-button-text awb-button__text awb-button__text--default\">Contactez-nous<\/span><\/a><\/div><\/div><\/div><div class=\"fusion-layout-column fusion_builder_column fusion-builder-column-2 fusion_builder_column_1_4 1_4 fusion-flex-column downloads-sidebar product-tables\" style=\"--awb-padding-top:20px;--awb-padding-right:20px;--awb-padding-bottom:20px;--awb-padding-left:20px;--awb-bg-color:var(--awb-color2);--awb-bg-color-hover:var(--awb-color2);--awb-bg-size:cover;--awb-width-large:25%;--awb-margin-top-large:0px;--awb-spacing-right-large:7.68%;--awb-margin-bottom-large:20px;--awb-spacing-left-large:7.68%;--awb-width-medium:100%;--awb-order-medium:0;--awb-margin-top-medium:70px;--awb-spacing-right-medium:1.92%;--awb-spacing-left-medium:1.92%;--awb-width-small:100%;--awb-order-small:0;--awb-spacing-right-small:1.92%;--awb-spacing-left-small:1.92%;\"><div class=\"fusion-column-wrapper fusion-column-has-shadow fusion-flex-justify-content-flex-start fusion-content-layout-column\"><div class=\"fusion-title title fusion-title-2 fusion-sep-none fusion-title-text fusion-title-size-four\" style=\"--awb-text-color:var(--awb-color8);--awb-margin-top-small:10px;--awb-margin-right-small:0px;--awb-margin-bottom-small:10px;--awb-margin-left-small:0px;\"><h4 class=\"fusion-title-heading title-heading-left\" style=\"margin:0;\">Downloads<\/h4><\/div>\n<div class=\"table-1 custom-table\">\n<table style=\"height: 61px;\" width=\"1129\">\n<tbody>\n<tr>\n<td align=\"left\"><a href=\"https:\/\/www.ehrensperger-ag.ch\/wp-content\/uploads\/2023\/02\/Durchflussmesser_d.pdf\" target=\"_blank\" rel=\"noopener\">D\u00e9bitm\u00e8tre<\/a><\/td>\n<\/tr>\n<tr>\n<td align=\"left\"><a href=\"https:\/\/www.ehrensperger-ag.ch\/wp-content\/uploads\/2023\/02\/FLUXTRONIC_0316_d.pdf\" target=\"_blank\" rel=\"noopener\">\u00c9lectronique d&rsquo;\u00e9valuation FLUXTRONIC\u00ae.<\/a><\/td>\n<\/tr>\n<\/tbody>\n<\/table>\n<\/div>\n<\/div><\/div><div class=\"fusion-layout-column fusion_builder_column fusion-builder-column-3 fusion_builder_column_1_1 1_1 fusion-flex-column\" style=\"--awb-bg-size:cover;--awb-width-large:100%;--awb-margin-top-large:90px;--awb-spacing-right-large:1.92%;--awb-margin-bottom-large:0px;--awb-spacing-left-large:1.92%;--awb-width-medium:100%;--awb-order-medium:0;--awb-spacing-right-medium:1.92%;--awb-spacing-left-medium:1.92%;--awb-width-small:100%;--awb-order-small:0;--awb-spacing-right-small:1.92%;--awb-spacing-left-small:1.92%;\"><div class=\"fusion-column-wrapper fusion-column-has-shadow fusion-flex-justify-content-flex-start fusion-content-layout-column\"><div class=\"fusion-image-carousel fusion-image-carousel-auto fusion-image-carousel-1 lightbox-enabled\"><div class=\"awb-carousel awb-swiper awb-swiper-carousel awb-carousel--carousel awb-swiper-dots-position-bottom\" data-layout=\"carousel\" data-autoplay=\"yes\" data-autoplayspeed=\"2500\" data-autoplaypause=\"no\" data-columns=\"5\" data-columnsmedium=\"1\" data-columnssmall=\"1\" data-itemmargin=\"20\" data-itemwidth=\"180\" data-touchscroll=\"no\" data-freemode=\"no\" data-imagesize=\"auto\" data-scrollitems=\"1\" data-centeredslides=\"no\" data-rotationangle=\"50\" data-depth=\"100\" data-speed=\"500\" data-shadow=\"no\" data-pagination=\"bullets\" style=\"--awb-column-spacing:20px;\"><div class=\"swiper-wrapper awb-image-carousel-wrapper fusion-flex-align-items-center\"><div class=\"swiper-slide\"><div class=\"fusion-carousel-item-wrapper\"><div class=\"fusion-image-wrapper hover-type-liftup\"><a data-rel=\"iLightbox[image_carousel_1]\" data-title=\"fmc\" aria-label=\"fmc\" href=\"https:\/\/www.ehrensperger-ag.ch\/wp-content\/uploads\/2023\/01\/fmc.jpg\" target=\"_self\"><img decoding=\"async\" width=\"350\" height=\"282\" src=\"https:\/\/www.ehrensperger-ag.ch\/wp-content\/uploads\/2023\/01\/fmc.jpg\" class=\"attachment-full size-full lazyload\" alt=\"\" srcset=\"data:image\/svg+xml,%3Csvg%20xmlns%3D%27http%3A%2F%2Fwww.w3.org%2F2000%2Fsvg%27%20width%3D%27350%27%20height%3D%27282%27%20viewBox%3D%270%200%20350%20282%27%3E%3Crect%20width%3D%27350%27%20height%3D%27282%27%20fill-opacity%3D%220%22%2F%3E%3C%2Fsvg%3E\" data-orig-src=\"https:\/\/www.ehrensperger-ag.ch\/wp-content\/uploads\/2023\/01\/fmc.jpg\" data-srcset=\"https:\/\/www.ehrensperger-ag.ch\/wp-content\/uploads\/2023\/01\/fmc-200x161.jpg 200w, https:\/\/www.ehrensperger-ag.ch\/wp-content\/uploads\/2023\/01\/fmc.jpg 350w\" data-sizes=\"auto\" \/><\/a><\/div><\/div><\/div><div class=\"swiper-slide\"><div class=\"fusion-carousel-item-wrapper\"><div class=\"fusion-image-wrapper hover-type-liftup\"><a data-rel=\"iLightbox[image_carousel_1]\" data-title=\"fmo\" aria-label=\"fmo\" href=\"https:\/\/www.ehrensperger-ag.ch\/wp-content\/uploads\/2023\/01\/fmo.jpg\" target=\"_self\"><img decoding=\"async\" width=\"350\" height=\"282\" src=\"https:\/\/www.ehrensperger-ag.ch\/wp-content\/uploads\/2023\/01\/fmo.jpg\" class=\"attachment-full size-full lazyload\" alt=\"\" srcset=\"data:image\/svg+xml,%3Csvg%20xmlns%3D%27http%3A%2F%2Fwww.w3.org%2F2000%2Fsvg%27%20width%3D%27350%27%20height%3D%27282%27%20viewBox%3D%270%200%20350%20282%27%3E%3Crect%20width%3D%27350%27%20height%3D%27282%27%20fill-opacity%3D%220%22%2F%3E%3C%2Fsvg%3E\" data-orig-src=\"https:\/\/www.ehrensperger-ag.ch\/wp-content\/uploads\/2023\/01\/fmo.jpg\" data-srcset=\"https:\/\/www.ehrensperger-ag.ch\/wp-content\/uploads\/2023\/01\/fmo-200x161.jpg 200w, https:\/\/www.ehrensperger-ag.ch\/wp-content\/uploads\/2023\/01\/fmo.jpg 350w\" data-sizes=\"auto\" \/><\/a><\/div><\/div><\/div><div class=\"swiper-slide\"><div class=\"fusion-carousel-item-wrapper\"><div class=\"fusion-image-wrapper hover-type-liftup\"><a data-rel=\"iLightbox[image_carousel_1]\" data-title=\"fmt120\" aria-label=\"fmt120\" href=\"https:\/\/www.ehrensperger-ag.ch\/wp-content\/uploads\/2023\/01\/fmt120.jpg\" target=\"_self\"><img decoding=\"async\" width=\"350\" height=\"282\" src=\"https:\/\/www.ehrensperger-ag.ch\/wp-content\/uploads\/2023\/01\/fmt120.jpg\" class=\"attachment-full size-full lazyload\" alt=\"\" srcset=\"data:image\/svg+xml,%3Csvg%20xmlns%3D%27http%3A%2F%2Fwww.w3.org%2F2000%2Fsvg%27%20width%3D%27350%27%20height%3D%27282%27%20viewBox%3D%270%200%20350%20282%27%3E%3Crect%20width%3D%27350%27%20height%3D%27282%27%20fill-opacity%3D%220%22%2F%3E%3C%2Fsvg%3E\" data-orig-src=\"https:\/\/www.ehrensperger-ag.ch\/wp-content\/uploads\/2023\/01\/fmt120.jpg\" data-srcset=\"https:\/\/www.ehrensperger-ag.ch\/wp-content\/uploads\/2023\/01\/fmt120-200x161.jpg 200w, https:\/\/www.ehrensperger-ag.ch\/wp-content\/uploads\/2023\/01\/fmt120.jpg 350w\" data-sizes=\"auto\" \/><\/a><\/div><\/div><\/div><div class=\"swiper-slide\"><div class=\"fusion-carousel-item-wrapper\"><div class=\"fusion-image-wrapper hover-type-liftup\"><a data-rel=\"iLightbox[image_carousel_1]\" data-title=\"fluxtronic\" aria-label=\"fluxtronic\" href=\"https:\/\/www.ehrensperger-ag.ch\/wp-content\/uploads\/2023\/01\/fluxtronic.jpg\" target=\"_self\"><img decoding=\"async\" width=\"350\" height=\"295\" src=\"https:\/\/www.ehrensperger-ag.ch\/wp-content\/uploads\/2023\/01\/fluxtronic.jpg\" class=\"attachment-full size-full lazyload\" alt=\"\" srcset=\"data:image\/svg+xml,%3Csvg%20xmlns%3D%27http%3A%2F%2Fwww.w3.org%2F2000%2Fsvg%27%20width%3D%27350%27%20height%3D%27295%27%20viewBox%3D%270%200%20350%20295%27%3E%3Crect%20width%3D%27350%27%20height%3D%27295%27%20fill-opacity%3D%220%22%2F%3E%3C%2Fsvg%3E\" data-orig-src=\"https:\/\/www.ehrensperger-ag.ch\/wp-content\/uploads\/2023\/01\/fluxtronic.jpg\" data-srcset=\"https:\/\/www.ehrensperger-ag.ch\/wp-content\/uploads\/2023\/01\/fluxtronic-200x169.jpg 200w, https:\/\/www.ehrensperger-ag.ch\/wp-content\/uploads\/2023\/01\/fluxtronic.jpg 350w\" data-sizes=\"auto\" \/><\/a><\/div><\/div><\/div><div class=\"swiper-slide\"><div class=\"fusion-carousel-item-wrapper\"><div class=\"fusion-image-wrapper hover-type-liftup\"><a data-rel=\"iLightbox[image_carousel_1]\" data-title=\"fmc inside\" aria-label=\"fmc inside\" href=\"https:\/\/www.ehrensperger-ag.ch\/wp-content\/uploads\/2023\/01\/fmc-inside.jpg\" target=\"_self\"><img decoding=\"async\" width=\"485\" height=\"391\" src=\"https:\/\/www.ehrensperger-ag.ch\/wp-content\/uploads\/2023\/01\/fmc-inside.jpg\" class=\"attachment-full size-full lazyload\" alt=\"\" srcset=\"data:image\/svg+xml,%3Csvg%20xmlns%3D%27http%3A%2F%2Fwww.w3.org%2F2000%2Fsvg%27%20width%3D%27485%27%20height%3D%27391%27%20viewBox%3D%270%200%20485%20391%27%3E%3Crect%20width%3D%27485%27%20height%3D%27391%27%20fill-opacity%3D%220%22%2F%3E%3C%2Fsvg%3E\" data-orig-src=\"https:\/\/www.ehrensperger-ag.ch\/wp-content\/uploads\/2023\/01\/fmc-inside.jpg\" data-srcset=\"https:\/\/www.ehrensperger-ag.ch\/wp-content\/uploads\/2023\/01\/fmc-inside-200x161.jpg 200w, https:\/\/www.ehrensperger-ag.ch\/wp-content\/uploads\/2023\/01\/fmc-inside-400x322.jpg 400w, https:\/\/www.ehrensperger-ag.ch\/wp-content\/uploads\/2023\/01\/fmc-inside.jpg 485w\" data-sizes=\"auto\" \/><\/a><\/div><\/div><\/div><div class=\"swiper-slide\"><div class=\"fusion-carousel-item-wrapper\"><div class=\"fusion-image-wrapper hover-type-liftup\"><a data-rel=\"iLightbox[image_carousel_1]\" data-title=\"fmo inside\" aria-label=\"fmo inside\" href=\"https:\/\/www.ehrensperger-ag.ch\/wp-content\/uploads\/2023\/01\/fmo-inside.jpg\" target=\"_self\"><img decoding=\"async\" width=\"485\" height=\"485\" src=\"https:\/\/www.ehrensperger-ag.ch\/wp-content\/uploads\/2023\/01\/fmo-inside.jpg\" class=\"attachment-full size-full lazyload\" alt=\"\" srcset=\"data:image\/svg+xml,%3Csvg%20xmlns%3D%27http%3A%2F%2Fwww.w3.org%2F2000%2Fsvg%27%20width%3D%27485%27%20height%3D%27485%27%20viewBox%3D%270%200%20485%20485%27%3E%3Crect%20width%3D%27485%27%20height%3D%27485%27%20fill-opacity%3D%220%22%2F%3E%3C%2Fsvg%3E\" data-orig-src=\"https:\/\/www.ehrensperger-ag.ch\/wp-content\/uploads\/2023\/01\/fmo-inside.jpg\" data-srcset=\"https:\/\/www.ehrensperger-ag.ch\/wp-content\/uploads\/2023\/01\/fmo-inside-200x200.jpg 200w, https:\/\/www.ehrensperger-ag.ch\/wp-content\/uploads\/2023\/01\/fmo-inside-400x400.jpg 400w, https:\/\/www.ehrensperger-ag.ch\/wp-content\/uploads\/2023\/01\/fmo-inside.jpg 485w\" data-sizes=\"auto\" \/><\/a><\/div><\/div><\/div><\/div><div class=\"awb-swiper-button awb-swiper-button-prev\"><i class=\"awb-icon-angle-left\" aria-hidden=\"true\"><\/i><\/div><div class=\"awb-swiper-button awb-swiper-button-next\"><i class=\"awb-icon-angle-right\" aria-hidden=\"true\"><\/i><\/div><\/div><\/div><\/div><\/div><\/div><\/div>\n","protected":false},"excerpt":{"rendered":"","protected":false},"author":2,"featured_media":0,"parent":2791,"menu_order":0,"comment_status":"closed","ping_status":"closed","template":"","meta":{"footnotes":""},"class_list":["post-2937","page","type-page","status-publish","hentry"],"yoast_head":"<!-- This site is optimized with the Yoast SEO plugin v27.1.1 - https:\/\/yoast.com\/product\/yoast-seo-wordpress\/ -->\n<title>Compteurs de d\u00e9bit - C. Ehrensperger AG<\/title>\n<meta name=\"robots\" content=\"index, follow, max-snippet:-1, max-image-preview:large, max-video-preview:-1\" \/>\n<link rel=\"canonical\" href=\"https:\/\/www.ehrensperger-ag.ch\/fr\/pompes\/compteurs-de-debit\/\" \/>\n<meta property=\"og:locale\" content=\"fr_FR\" \/>\n<meta property=\"og:type\" content=\"article\" \/>\n<meta property=\"og:title\" content=\"Compteurs de d\u00e9bit - C. Ehrensperger AG\" \/>\n<meta property=\"og:url\" content=\"https:\/\/www.ehrensperger-ag.ch\/fr\/pompes\/compteurs-de-debit\/\" \/>\n<meta property=\"og:site_name\" content=\"C. Ehrensperger AG\" \/>\n<meta property=\"article:modified_time\" content=\"2023-03-02T10:51:25+00:00\" \/>\n<meta name=\"twitter:card\" content=\"summary_large_image\" \/>\n<meta name=\"twitter:label1\" content=\"Dur\u00e9e de lecture estim\u00e9e\" \/>\n\t<meta name=\"twitter:data1\" content=\"17 minutes\" \/>\n<script type=\"application\/ld+json\" class=\"yoast-schema-graph\">{\"@context\":\"https:\/\/schema.org\",\"@graph\":[{\"@type\":\"WebPage\",\"@id\":\"https:\/\/www.ehrensperger-ag.ch\/fr\/pompes\/compteurs-de-debit\/\",\"url\":\"https:\/\/www.ehrensperger-ag.ch\/fr\/pompes\/compteurs-de-debit\/\",\"name\":\"Compteurs de d\u00e9bit - C. Ehrensperger AG\",\"isPartOf\":{\"@id\":\"https:\/\/www.ehrensperger-ag.ch\/#website\"},\"datePublished\":\"2022-10-26T09:15:31+00:00\",\"dateModified\":\"2023-03-02T10:51:25+00:00\",\"breadcrumb\":{\"@id\":\"https:\/\/www.ehrensperger-ag.ch\/fr\/pompes\/compteurs-de-debit\/#breadcrumb\"},\"inLanguage\":\"fr-FR\",\"potentialAction\":[{\"@type\":\"ReadAction\",\"target\":[\"https:\/\/www.ehrensperger-ag.ch\/fr\/pompes\/compteurs-de-debit\/\"]}]},{\"@type\":\"BreadcrumbList\",\"@id\":\"https:\/\/www.ehrensperger-ag.ch\/fr\/pompes\/compteurs-de-debit\/#breadcrumb\",\"itemListElement\":[{\"@type\":\"ListItem\",\"position\":1,\"name\":\"Startseite\",\"item\":\"https:\/\/www.ehrensperger-ag.ch\/fr\/home\/\"},{\"@type\":\"ListItem\",\"position\":2,\"name\":\"Pompes\",\"item\":\"https:\/\/www.ehrensperger-ag.ch\/fr\/pompes\/\"},{\"@type\":\"ListItem\",\"position\":3,\"name\":\"Compteurs de d\u00e9bit\"}]},{\"@type\":\"WebSite\",\"@id\":\"https:\/\/www.ehrensperger-ag.ch\/#website\",\"url\":\"https:\/\/www.ehrensperger-ag.ch\/\",\"name\":\"C. Ehrensperger AG\",\"description\":\"Mischer und Pumpen\",\"potentialAction\":[{\"@type\":\"SearchAction\",\"target\":{\"@type\":\"EntryPoint\",\"urlTemplate\":\"https:\/\/www.ehrensperger-ag.ch\/?s={search_term_string}\"},\"query-input\":{\"@type\":\"PropertyValueSpecification\",\"valueRequired\":true,\"valueName\":\"search_term_string\"}}],\"inLanguage\":\"fr-FR\"}]}<\/script>\n<!-- \/ Yoast SEO plugin. -->","yoast_head_json":{"title":"Compteurs de d\u00e9bit - C. Ehrensperger AG","robots":{"index":"index","follow":"follow","max-snippet":"max-snippet:-1","max-image-preview":"max-image-preview:large","max-video-preview":"max-video-preview:-1"},"canonical":"https:\/\/www.ehrensperger-ag.ch\/fr\/pompes\/compteurs-de-debit\/","og_locale":"fr_FR","og_type":"article","og_title":"Compteurs de d\u00e9bit - C. Ehrensperger AG","og_url":"https:\/\/www.ehrensperger-ag.ch\/fr\/pompes\/compteurs-de-debit\/","og_site_name":"C. Ehrensperger AG","article_modified_time":"2023-03-02T10:51:25+00:00","twitter_card":"summary_large_image","twitter_misc":{"Dur\u00e9e de lecture estim\u00e9e":"17 minutes"},"schema":{"@context":"https:\/\/schema.org","@graph":[{"@type":"WebPage","@id":"https:\/\/www.ehrensperger-ag.ch\/fr\/pompes\/compteurs-de-debit\/","url":"https:\/\/www.ehrensperger-ag.ch\/fr\/pompes\/compteurs-de-debit\/","name":"Compteurs de d\u00e9bit - C. Ehrensperger AG","isPartOf":{"@id":"https:\/\/www.ehrensperger-ag.ch\/#website"},"datePublished":"2022-10-26T09:15:31+00:00","dateModified":"2023-03-02T10:51:25+00:00","breadcrumb":{"@id":"https:\/\/www.ehrensperger-ag.ch\/fr\/pompes\/compteurs-de-debit\/#breadcrumb"},"inLanguage":"fr-FR","potentialAction":[{"@type":"ReadAction","target":["https:\/\/www.ehrensperger-ag.ch\/fr\/pompes\/compteurs-de-debit\/"]}]},{"@type":"BreadcrumbList","@id":"https:\/\/www.ehrensperger-ag.ch\/fr\/pompes\/compteurs-de-debit\/#breadcrumb","itemListElement":[{"@type":"ListItem","position":1,"name":"Startseite","item":"https:\/\/www.ehrensperger-ag.ch\/fr\/home\/"},{"@type":"ListItem","position":2,"name":"Pompes","item":"https:\/\/www.ehrensperger-ag.ch\/fr\/pompes\/"},{"@type":"ListItem","position":3,"name":"Compteurs de d\u00e9bit"}]},{"@type":"WebSite","@id":"https:\/\/www.ehrensperger-ag.ch\/#website","url":"https:\/\/www.ehrensperger-ag.ch\/","name":"C. Ehrensperger AG","description":"Mischer und Pumpen","potentialAction":[{"@type":"SearchAction","target":{"@type":"EntryPoint","urlTemplate":"https:\/\/www.ehrensperger-ag.ch\/?s={search_term_string}"},"query-input":{"@type":"PropertyValueSpecification","valueRequired":true,"valueName":"search_term_string"}}],"inLanguage":"fr-FR"}]}},"_links":{"self":[{"href":"https:\/\/www.ehrensperger-ag.ch\/fr\/wp-json\/wp\/v2\/pages\/2937","targetHints":{"allow":["GET"]}}],"collection":[{"href":"https:\/\/www.ehrensperger-ag.ch\/fr\/wp-json\/wp\/v2\/pages"}],"about":[{"href":"https:\/\/www.ehrensperger-ag.ch\/fr\/wp-json\/wp\/v2\/types\/page"}],"author":[{"embeddable":true,"href":"https:\/\/www.ehrensperger-ag.ch\/fr\/wp-json\/wp\/v2\/users\/2"}],"replies":[{"embeddable":true,"href":"https:\/\/www.ehrensperger-ag.ch\/fr\/wp-json\/wp\/v2\/comments?post=2937"}],"version-history":[{"count":10,"href":"https:\/\/www.ehrensperger-ag.ch\/fr\/wp-json\/wp\/v2\/pages\/2937\/revisions"}],"predecessor-version":[{"id":5077,"href":"https:\/\/www.ehrensperger-ag.ch\/fr\/wp-json\/wp\/v2\/pages\/2937\/revisions\/5077"}],"up":[{"embeddable":true,"href":"https:\/\/www.ehrensperger-ag.ch\/fr\/wp-json\/wp\/v2\/pages\/2791"}],"wp:attachment":[{"href":"https:\/\/www.ehrensperger-ag.ch\/fr\/wp-json\/wp\/v2\/media?parent=2937"}],"curies":[{"name":"wp","href":"https:\/\/api.w.org\/{rel}","templated":true}]}}