{"id":2868,"date":"2022-10-26T05:31:58","date_gmt":"2022-10-26T03:31:58","guid":{"rendered":"https:\/\/www.ehrensperger-ag.ch\/melangeurs\/le-systeme-melangeur-esm\/"},"modified":"2023-03-02T11:04:29","modified_gmt":"2023-03-02T10:04:29","slug":"le-systeme-melangeur-esm","status":"publish","type":"page","link":"https:\/\/www.ehrensperger-ag.ch\/fr\/melangeurs\/le-systeme-melangeur-esm\/","title":{"rendered":"Le syst\u00e8me m\u00e9langeur ESM"},"content":{"rendered":"<div class=\"fusion-fullwidth fullwidth-box fusion-builder-row-1 fusion-flex-container has-pattern-background has-mask-background nonhundred-percent-fullwidth non-hundred-percent-height-scrolling\" style=\"--awb-border-radius-top-left:0px;--awb-border-radius-top-right:0px;--awb-border-radius-bottom-right:0px;--awb-border-radius-bottom-left:0px;--awb-flex-wrap:wrap;\" ><div class=\"fusion-builder-row fusion-row fusion-flex-align-items-stretch fusion-flex-content-wrap\" style=\"max-width:1731.6px;margin-left: calc(-4% \/ 2 );margin-right: calc(-4% \/ 2 );\"><div class=\"fusion-layout-column fusion_builder_column fusion-builder-column-0 fusion_builder_column_1_4 1_4 fusion-flex-column\" style=\"--awb-bg-size:cover;--awb-width-large:25%;--awb-margin-top-large:0px;--awb-spacing-right-large:7.68%;--awb-margin-bottom-large:0px;--awb-spacing-left-large:7.68%;--awb-width-medium:25%;--awb-order-medium:0;--awb-spacing-right-medium:7.68%;--awb-spacing-left-medium:7.68%;--awb-width-small:100%;--awb-order-small:0;--awb-spacing-right-small:1.92%;--awb-spacing-left-small:1.92%;\"><div class=\"fusion-column-wrapper fusion-column-has-shadow fusion-flex-justify-content-flex-start fusion-content-layout-column\"><div class=\"fusion-image-element \" style=\"--awb-caption-title-font-family:var(--h2_typography-font-family);--awb-caption-title-font-weight:var(--h2_typography-font-weight);--awb-caption-title-font-style:var(--h2_typography-font-style);--awb-caption-title-size:var(--h2_typography-font-size);--awb-caption-title-transform:var(--h2_typography-text-transform);--awb-caption-title-line-height:var(--h2_typography-line-height);--awb-caption-title-letter-spacing:var(--h2_typography-letter-spacing);\"><span class=\" fusion-imageframe imageframe-none imageframe-1 hover-type-none\"><img decoding=\"async\" width=\"1607\" height=\"1920\" title=\"ESM\" src=\"https:\/\/www.ehrensperger-ag.ch\/wp-content\/uploads\/2022\/10\/ESM.jpg\" data-orig-src=\"https:\/\/www.ehrensperger-ag.ch\/wp-content\/uploads\/2022\/10\/ESM.jpg\" alt class=\"lazyload img-responsive wp-image-2582\" srcset=\"data:image\/svg+xml,%3Csvg%20xmlns%3D%27http%3A%2F%2Fwww.w3.org%2F2000%2Fsvg%27%20width%3D%271607%27%20height%3D%271920%27%20viewBox%3D%270%200%201607%201920%27%3E%3Crect%20width%3D%271607%27%20height%3D%271920%27%20fill-opacity%3D%220%22%2F%3E%3C%2Fsvg%3E\" data-srcset=\"https:\/\/www.ehrensperger-ag.ch\/wp-content\/uploads\/2022\/10\/ESM-200x239.jpg 200w, https:\/\/www.ehrensperger-ag.ch\/wp-content\/uploads\/2022\/10\/ESM-400x478.jpg 400w, https:\/\/www.ehrensperger-ag.ch\/wp-content\/uploads\/2022\/10\/ESM-600x717.jpg 600w, https:\/\/www.ehrensperger-ag.ch\/wp-content\/uploads\/2022\/10\/ESM-800x956.jpg 800w, https:\/\/www.ehrensperger-ag.ch\/wp-content\/uploads\/2022\/10\/ESM-1200x1434.jpg 1200w, https:\/\/www.ehrensperger-ag.ch\/wp-content\/uploads\/2022\/10\/ESM.jpg 1607w\" data-sizes=\"auto\" data-orig-sizes=\"(max-width: 667px) 100vw, 400px\" \/><\/span><\/div><\/div><\/div><div class=\"fusion-layout-column fusion_builder_column fusion-builder-column-1 fusion_builder_column_1_2 1_2 fusion-flex-column\" style=\"--awb-bg-size:cover;--awb-width-large:50%;--awb-margin-top-large:0px;--awb-spacing-right-large:3.84%;--awb-margin-bottom-large:0px;--awb-spacing-left-large:3.84%;--awb-width-medium:75%;--awb-order-medium:0;--awb-spacing-right-medium:2.56%;--awb-spacing-left-medium:2.56%;--awb-width-small:100%;--awb-order-small:0;--awb-spacing-right-small:1.92%;--awb-spacing-left-small:1.92%;\"><div class=\"fusion-column-wrapper fusion-column-has-shadow fusion-flex-justify-content-flex-start fusion-content-layout-column\"><div class=\"fusion-title title fusion-title-1 fusion-sep-none fusion-title-text fusion-title-size-one\" style=\"--awb-margin-top-small:10px;--awb-margin-right-small:0px;--awb-margin-bottom-small:10px;--awb-margin-left-small:0px;\"><h1 class=\"fusion-title-heading title-heading-left\" style=\"margin:0;\">Le syst\u00e8me m\u00e9langeur ESM<\/h1><\/div><div class=\"fusion-separator\" style=\"align-self: flex-start;margin-right:auto;margin-top:10px;margin-bottom:30px;width:100%;max-width:100px;\"><div class=\"fusion-separator-border sep-single sep-solid\" style=\"--awb-height:20px;--awb-amount:20px;--awb-sep-color:var(--awb-color4);border-color:var(--awb-color4);border-top-width:2px;\"><\/div><\/div><ul style=\"--awb-item-padding-top:0.5em;--awb-item-padding-bottom:0.5em;--awb-line-height:27.2px;--awb-icon-width:27.2px;--awb-icon-height:27.2px;--awb-icon-margin:11.2px;--awb-content-margin:38.4px;--awb-circlecolor:var(--awb-color4);--awb-circle-yes-font-size:14.08px;\" class=\"fusion-checklist fusion-checklist-1 type-icons\"><li class=\"fusion-li-item\" style=\"\"><span class=\"icon-wrapper circle-yes\"><i class=\"fusion-li-icon fa-angle-right fas\" aria-hidden=\"true\"><\/i><\/span><div class=\"fusion-li-item-content\">\n<p><strong>Application<\/strong> : M\u00e9lange ou agitation \u00e0 basse vitesse mais avec une grande capacit\u00e9 de circulation pour des liquides de viscosit\u00e9 faible \u00e0 moyenne.<\/p>\n<\/div><\/li><li class=\"fusion-li-item\" style=\"\"><span class=\"icon-wrapper circle-yes\"><i class=\"fusion-li-icon fa-angle-right fas\" aria-hidden=\"true\"><\/i><\/span><div class=\"fusion-li-item-content\">\n<p><strong>Entra\u00eenement<\/strong> : les entra\u00eenements \u00e9lectriques PAGERIS\u00ae sont disponibles en tant que moteurs asynchrones triphas\u00e9s (400V, 50Hz) ou monophas\u00e9s (230V, 50Hz) selon la norme IEC. La puissance va de 0.06 \u00e0 4 kW avec une vitesse de 1500, 1000, 750 ou 1500\/750 tr\/min. La Protection IP55, la classe d&rsquo;isolation F ainsi que le r\u00e9gime continu S1 sont standards. Les moteurs PAGERIS\u00ae correspondent aux mod\u00e8les de construction B5\/V1.<\/p>\n<p>R\u00e9ducteur \u00e0 vis sans fin convenant aux moteurs correspondants \u00e0 la directive IEC. Le rapport de d\u00e9multiplication standard est de 1:20.<\/p>\n<\/div><\/li><li class=\"fusion-li-item\" style=\"\"><span class=\"icon-wrapper circle-yes\"><i class=\"fusion-li-icon fa-angle-right fas\" aria-hidden=\"true\"><\/i><\/span><div class=\"fusion-li-item-content\">\n<p><strong>Arbres<\/strong>: Longueur de 500 \u00e0 4000mm en acier inoxydable 1.4435, disponible avec rev\u00eatement PE ou PVDF. Les arbres rev\u00eatus sont toujours fournis avec une douille de protection.<\/p>\n<\/div><\/li><li class=\"fusion-li-item\" style=\"\"><span class=\"icon-wrapper circle-yes\"><i class=\"fusion-li-icon fa-angle-right fas\" aria-hidden=\"true\"><\/i><\/span><div class=\"fusion-li-item-content\">\n<p><strong>H\u00e9lices<\/strong>: Grand choix en PVDF (neutre, ou renforc\u00e9 avec des fibres de carbone), en PP (renforc\u00e9 avec des fibres de verre) ou en acier inoxydable 1.4571 de 300 \u00e0 1200mm de diam\u00e8tre de type SR6 (6 h\u00e9lices). Nous proposons \u00e9galement des types SR3 (3 h\u00e9lices), SR2 (2 h\u00e9lices) ainsi que des h\u00e9lices rabattables, tous en acier inoxydable 1.4571.<\/p>\n<\/div><\/li><li class=\"fusion-li-item\" style=\"\"><span class=\"icon-wrapper circle-yes\"><i class=\"fusion-li-icon fa-angle-right fas\" aria-hidden=\"true\"><\/i><\/span><div class=\"fusion-li-item-content\">\n<p><strong>Accessoires<\/strong>: Variateurs de fr\u00e9quence, brides d\u2019\u00e9tanch\u00e9it\u00e9, joints \u00e0 l\u00e8vre, brides de r\u00e9duction, couvercle IBC avec bride d\u2019\u00e9tanch\u00e9it\u00e9 integr\u00e9e, traverse d&rsquo;agitateur IBC, douille de protection, dispositif de fixation etc.<\/p>\n<\/div><\/li><\/ul><div ><a class=\"fusion-button button-flat fusion-button-default-size button-default fusion-button-default button-1 fusion-button-span-yes fusion-button-default-type\" style=\"--button_margin-top:25px;\" target=\"_self\" href=\"https:\/\/www.ehrensperger-ag.ch\/fr\/contact\/\"><span class=\"fusion-button-text awb-button__text awb-button__text--default\">Contactez-nous<\/span><\/a><\/div><\/div><\/div><div class=\"fusion-layout-column fusion_builder_column fusion-builder-column-2 fusion_builder_column_1_4 1_4 fusion-flex-column downloads-sidebar product-tables\" style=\"--awb-padding-top:20px;--awb-padding-right:20px;--awb-padding-bottom:20px;--awb-padding-left:20px;--awb-bg-color:var(--awb-color2);--awb-bg-color-hover:var(--awb-color2);--awb-bg-size:cover;--awb-width-large:25%;--awb-margin-top-large:0px;--awb-spacing-right-large:7.68%;--awb-margin-bottom-large:20px;--awb-spacing-left-large:7.68%;--awb-width-medium:100%;--awb-order-medium:0;--awb-margin-top-medium:70px;--awb-spacing-right-medium:1.92%;--awb-spacing-left-medium:1.92%;--awb-width-small:100%;--awb-order-small:0;--awb-spacing-right-small:1.92%;--awb-spacing-left-small:1.92%;\"><div class=\"fusion-column-wrapper fusion-column-has-shadow fusion-flex-justify-content-flex-start fusion-content-layout-column\"><div class=\"fusion-title title fusion-title-2 fusion-sep-none fusion-title-text fusion-title-size-four\" style=\"--awb-text-color:var(--awb-color5);--awb-margin-top-small:10px;--awb-margin-right-small:0px;--awb-margin-bottom-small:10px;--awb-margin-left-small:0px;\"><h4 class=\"fusion-title-heading title-heading-left\" style=\"margin:0;\">Downloads<\/h4><\/div>\n<div class=\"table-1 custom-table\">\n<table width=\"100%\">\n<tbody>\n<tr>\n<td align=\"left\"><a href=\"https:\/\/www.ehrensperger-ag.ch\/wp-content\/uploads\/2023\/02\/Mischerkatalog-ESM-70-01-2023.pdf\" target=\"_blank\" rel=\"noopener\">70 U\/min 0.12 \u2013 4.0 kW 150 \u2013 3600 m3\/h<\/a><\/td>\n<\/tr>\n<\/tbody>\n<\/table>\n<\/div>\n<\/div><\/div><\/div><\/div>\n","protected":false},"excerpt":{"rendered":"","protected":false},"author":2,"featured_media":0,"parent":2763,"menu_order":0,"comment_status":"closed","ping_status":"closed","template":"","meta":{"footnotes":""},"class_list":["post-2868","page","type-page","status-publish","hentry"],"yoast_head":"<!-- This site is optimized with the Yoast SEO plugin v27.1.1 - https:\/\/yoast.com\/product\/yoast-seo-wordpress\/ -->\n<title>Le syst\u00e8me m\u00e9langeur ESM - C. Ehrensperger AG<\/title>\n<meta name=\"robots\" content=\"index, follow, max-snippet:-1, max-image-preview:large, max-video-preview:-1\" \/>\n<link rel=\"canonical\" href=\"https:\/\/www.ehrensperger-ag.ch\/fr\/melangeurs\/le-systeme-melangeur-esm\/\" \/>\n<meta property=\"og:locale\" content=\"fr_FR\" \/>\n<meta property=\"og:type\" content=\"article\" \/>\n<meta property=\"og:title\" content=\"Le syst\u00e8me m\u00e9langeur ESM - C. Ehrensperger AG\" \/>\n<meta property=\"og:url\" content=\"https:\/\/www.ehrensperger-ag.ch\/fr\/melangeurs\/le-systeme-melangeur-esm\/\" \/>\n<meta property=\"og:site_name\" content=\"C. Ehrensperger AG\" \/>\n<meta property=\"article:modified_time\" content=\"2023-03-02T10:04:29+00:00\" \/>\n<meta name=\"twitter:card\" content=\"summary_large_image\" \/>\n<meta name=\"twitter:label1\" content=\"Dur\u00e9e de lecture estim\u00e9e\" \/>\n\t<meta name=\"twitter:data1\" content=\"14 minutes\" \/>\n<script type=\"application\/ld+json\" class=\"yoast-schema-graph\">{\"@context\":\"https:\/\/schema.org\",\"@graph\":[{\"@type\":\"WebPage\",\"@id\":\"https:\/\/www.ehrensperger-ag.ch\/fr\/melangeurs\/le-systeme-melangeur-esm\/\",\"url\":\"https:\/\/www.ehrensperger-ag.ch\/fr\/melangeurs\/le-systeme-melangeur-esm\/\",\"name\":\"Le syst\u00e8me m\u00e9langeur ESM - C. Ehrensperger AG\",\"isPartOf\":{\"@id\":\"https:\/\/www.ehrensperger-ag.ch\/#website\"},\"datePublished\":\"2022-10-26T03:31:58+00:00\",\"dateModified\":\"2023-03-02T10:04:29+00:00\",\"breadcrumb\":{\"@id\":\"https:\/\/www.ehrensperger-ag.ch\/fr\/melangeurs\/le-systeme-melangeur-esm\/#breadcrumb\"},\"inLanguage\":\"fr-FR\",\"potentialAction\":[{\"@type\":\"ReadAction\",\"target\":[\"https:\/\/www.ehrensperger-ag.ch\/fr\/melangeurs\/le-systeme-melangeur-esm\/\"]}]},{\"@type\":\"BreadcrumbList\",\"@id\":\"https:\/\/www.ehrensperger-ag.ch\/fr\/melangeurs\/le-systeme-melangeur-esm\/#breadcrumb\",\"itemListElement\":[{\"@type\":\"ListItem\",\"position\":1,\"name\":\"Startseite\",\"item\":\"https:\/\/www.ehrensperger-ag.ch\/fr\/home\/\"},{\"@type\":\"ListItem\",\"position\":2,\"name\":\"M\u00e9langeurs\",\"item\":\"https:\/\/www.ehrensperger-ag.ch\/fr\/melangeurs\/\"},{\"@type\":\"ListItem\",\"position\":3,\"name\":\"Le syst\u00e8me m\u00e9langeur ESM\"}]},{\"@type\":\"WebSite\",\"@id\":\"https:\/\/www.ehrensperger-ag.ch\/#website\",\"url\":\"https:\/\/www.ehrensperger-ag.ch\/\",\"name\":\"C. Ehrensperger AG\",\"description\":\"Mischer und Pumpen\",\"potentialAction\":[{\"@type\":\"SearchAction\",\"target\":{\"@type\":\"EntryPoint\",\"urlTemplate\":\"https:\/\/www.ehrensperger-ag.ch\/?s={search_term_string}\"},\"query-input\":{\"@type\":\"PropertyValueSpecification\",\"valueRequired\":true,\"valueName\":\"search_term_string\"}}],\"inLanguage\":\"fr-FR\"}]}<\/script>\n<!-- \/ Yoast SEO plugin. -->","yoast_head_json":{"title":"Le syst\u00e8me m\u00e9langeur ESM - C. Ehrensperger AG","robots":{"index":"index","follow":"follow","max-snippet":"max-snippet:-1","max-image-preview":"max-image-preview:large","max-video-preview":"max-video-preview:-1"},"canonical":"https:\/\/www.ehrensperger-ag.ch\/fr\/melangeurs\/le-systeme-melangeur-esm\/","og_locale":"fr_FR","og_type":"article","og_title":"Le syst\u00e8me m\u00e9langeur ESM - C. Ehrensperger AG","og_url":"https:\/\/www.ehrensperger-ag.ch\/fr\/melangeurs\/le-systeme-melangeur-esm\/","og_site_name":"C. Ehrensperger AG","article_modified_time":"2023-03-02T10:04:29+00:00","twitter_card":"summary_large_image","twitter_misc":{"Dur\u00e9e de lecture estim\u00e9e":"14 minutes"},"schema":{"@context":"https:\/\/schema.org","@graph":[{"@type":"WebPage","@id":"https:\/\/www.ehrensperger-ag.ch\/fr\/melangeurs\/le-systeme-melangeur-esm\/","url":"https:\/\/www.ehrensperger-ag.ch\/fr\/melangeurs\/le-systeme-melangeur-esm\/","name":"Le syst\u00e8me m\u00e9langeur ESM - C. Ehrensperger AG","isPartOf":{"@id":"https:\/\/www.ehrensperger-ag.ch\/#website"},"datePublished":"2022-10-26T03:31:58+00:00","dateModified":"2023-03-02T10:04:29+00:00","breadcrumb":{"@id":"https:\/\/www.ehrensperger-ag.ch\/fr\/melangeurs\/le-systeme-melangeur-esm\/#breadcrumb"},"inLanguage":"fr-FR","potentialAction":[{"@type":"ReadAction","target":["https:\/\/www.ehrensperger-ag.ch\/fr\/melangeurs\/le-systeme-melangeur-esm\/"]}]},{"@type":"BreadcrumbList","@id":"https:\/\/www.ehrensperger-ag.ch\/fr\/melangeurs\/le-systeme-melangeur-esm\/#breadcrumb","itemListElement":[{"@type":"ListItem","position":1,"name":"Startseite","item":"https:\/\/www.ehrensperger-ag.ch\/fr\/home\/"},{"@type":"ListItem","position":2,"name":"M\u00e9langeurs","item":"https:\/\/www.ehrensperger-ag.ch\/fr\/melangeurs\/"},{"@type":"ListItem","position":3,"name":"Le syst\u00e8me m\u00e9langeur ESM"}]},{"@type":"WebSite","@id":"https:\/\/www.ehrensperger-ag.ch\/#website","url":"https:\/\/www.ehrensperger-ag.ch\/","name":"C. Ehrensperger AG","description":"Mischer und Pumpen","potentialAction":[{"@type":"SearchAction","target":{"@type":"EntryPoint","urlTemplate":"https:\/\/www.ehrensperger-ag.ch\/?s={search_term_string}"},"query-input":{"@type":"PropertyValueSpecification","valueRequired":true,"valueName":"search_term_string"}}],"inLanguage":"fr-FR"}]}},"_links":{"self":[{"href":"https:\/\/www.ehrensperger-ag.ch\/fr\/wp-json\/wp\/v2\/pages\/2868","targetHints":{"allow":["GET"]}}],"collection":[{"href":"https:\/\/www.ehrensperger-ag.ch\/fr\/wp-json\/wp\/v2\/pages"}],"about":[{"href":"https:\/\/www.ehrensperger-ag.ch\/fr\/wp-json\/wp\/v2\/types\/page"}],"author":[{"embeddable":true,"href":"https:\/\/www.ehrensperger-ag.ch\/fr\/wp-json\/wp\/v2\/users\/2"}],"replies":[{"embeddable":true,"href":"https:\/\/www.ehrensperger-ag.ch\/fr\/wp-json\/wp\/v2\/comments?post=2868"}],"version-history":[{"count":9,"href":"https:\/\/www.ehrensperger-ag.ch\/fr\/wp-json\/wp\/v2\/pages\/2868\/revisions"}],"predecessor-version":[{"id":4999,"href":"https:\/\/www.ehrensperger-ag.ch\/fr\/wp-json\/wp\/v2\/pages\/2868\/revisions\/4999"}],"up":[{"embeddable":true,"href":"https:\/\/www.ehrensperger-ag.ch\/fr\/wp-json\/wp\/v2\/pages\/2763"}],"wp:attachment":[{"href":"https:\/\/www.ehrensperger-ag.ch\/fr\/wp-json\/wp\/v2\/media?parent=2868"}],"curies":[{"name":"wp","href":"https:\/\/api.w.org\/{rel}","templated":true}]}}