{"id":2836,"date":"2022-12-13T06:52:37","date_gmt":"2022-12-13T05:52:37","guid":{"rendered":"https:\/\/www.ehrensperger-ag.ch\/appareils-a-gicler-a-basse-pression\/lappareil-a-gicler-sg-90-e\/"},"modified":"2025-09-09T14:17:16","modified_gmt":"2025-09-09T12:17:16","slug":"lappareil-a-gicler-sg-90-e","status":"publish","type":"page","link":"https:\/\/www.ehrensperger-ag.ch\/fr\/appareils-a-gicler-a-basse-pression\/lappareil-a-gicler-sg-90-e\/","title":{"rendered":"L\u2019appareil \u00e0 gicler SG 90 E"},"content":{"rendered":"<div class=\"fusion-fullwidth fullwidth-box fusion-builder-row-1 fusion-flex-container has-pattern-background has-mask-background nonhundred-percent-fullwidth non-hundred-percent-height-scrolling\" style=\"--awb-border-radius-top-left:0px;--awb-border-radius-top-right:0px;--awb-border-radius-bottom-right:0px;--awb-border-radius-bottom-left:0px;--awb-flex-wrap:wrap;\" ><div class=\"fusion-builder-row fusion-row fusion-flex-align-items-stretch fusion-flex-content-wrap\" style=\"max-width:1731.6px;margin-left: calc(-4% \/ 2 );margin-right: calc(-4% \/ 2 );\"><div class=\"fusion-layout-column fusion_builder_column fusion-builder-column-0 fusion_builder_column_1_4 1_4 fusion-flex-column\" style=\"--awb-bg-size:cover;--awb-width-large:25%;--awb-margin-top-large:0px;--awb-spacing-right-large:7.68%;--awb-margin-bottom-large:0px;--awb-spacing-left-large:7.68%;--awb-width-medium:25%;--awb-order-medium:0;--awb-spacing-right-medium:7.68%;--awb-spacing-left-medium:7.68%;--awb-width-small:100%;--awb-order-small:0;--awb-spacing-right-small:1.92%;--awb-spacing-left-small:1.92%;\"><div class=\"fusion-column-wrapper fusion-column-has-shadow fusion-flex-justify-content-flex-start fusion-content-layout-column\"><div class=\"fusion-image-element \" style=\"text-align:center;--awb-max-width:225px;--awb-caption-title-font-family:var(--h2_typography-font-family);--awb-caption-title-font-weight:var(--h2_typography-font-weight);--awb-caption-title-font-style:var(--h2_typography-font-style);--awb-caption-title-size:var(--h2_typography-font-size);--awb-caption-title-transform:var(--h2_typography-text-transform);--awb-caption-title-line-height:var(--h2_typography-line-height);--awb-caption-title-letter-spacing:var(--h2_typography-letter-spacing);\"><span class=\" fusion-imageframe imageframe-none imageframe-1 hover-type-none\"><img decoding=\"async\" width=\"304\" height=\"246\" title=\"sg90e\" src=\"https:\/\/www.ehrensperger-ag.ch\/wp-content\/uploads\/2022\/12\/sg90e.jpg\" data-orig-src=\"https:\/\/www.ehrensperger-ag.ch\/wp-content\/uploads\/2022\/12\/sg90e.jpg\" alt class=\"lazyload img-responsive wp-image-2700\" srcset=\"data:image\/svg+xml,%3Csvg%20xmlns%3D%27http%3A%2F%2Fwww.w3.org%2F2000%2Fsvg%27%20width%3D%27304%27%20height%3D%27246%27%20viewBox%3D%270%200%20304%20246%27%3E%3Crect%20width%3D%27304%27%20height%3D%27246%27%20fill-opacity%3D%220%22%2F%3E%3C%2Fsvg%3E\" data-srcset=\"https:\/\/www.ehrensperger-ag.ch\/wp-content\/uploads\/2022\/12\/sg90e-200x162.jpg 200w, https:\/\/www.ehrensperger-ag.ch\/wp-content\/uploads\/2022\/12\/sg90e.jpg 304w\" data-sizes=\"auto\" data-orig-sizes=\"(max-width: 667px) 100vw, 304px\" \/><\/span><\/div><div class=\"fusion-text fusion-text-1\" style=\"--awb-content-alignment:center;\"><p>N\u00b0 d&rsquo;article: 370 000 14 00<\/p>\n<\/div><div ><a class=\"fusion-button button-flat fusion-button-default-size button-default fusion-button-default button-1 fusion-button-span-yes fusion-button-default-type\" target=\"_self\" href=\"https:\/\/pageris.com\/shop\/\"><span class=\"fusion-button-text awb-button__text awb-button__text--default\">Shop<\/span><\/a><\/div><\/div><\/div><div class=\"fusion-layout-column fusion_builder_column fusion-builder-column-1 fusion_builder_column_1_2 1_2 fusion-flex-column\" style=\"--awb-bg-size:cover;--awb-width-large:50%;--awb-margin-top-large:0px;--awb-spacing-right-large:3.84%;--awb-margin-bottom-large:0px;--awb-spacing-left-large:3.84%;--awb-width-medium:50%;--awb-order-medium:0;--awb-spacing-right-medium:3.84%;--awb-spacing-left-medium:3.84%;--awb-width-small:100%;--awb-order-small:0;--awb-spacing-right-small:1.92%;--awb-spacing-left-small:1.92%;\"><div class=\"fusion-column-wrapper fusion-column-has-shadow fusion-flex-justify-content-flex-start fusion-content-layout-column\"><div class=\"fusion-title title fusion-title-1 fusion-sep-none fusion-title-text fusion-title-size-one\" style=\"--awb-margin-top-small:10px;--awb-margin-right-small:0px;--awb-margin-bottom-small:10px;--awb-margin-left-small:0px;\"><h1 class=\"fusion-title-heading title-heading-left\" style=\"margin:0;\">L\u2019appareil \u00e0 gicler SG 90 E<\/h1><\/div><div class=\"fusion-separator\" style=\"align-self: flex-start;margin-right:auto;margin-top:10px;margin-bottom:30px;width:100%;max-width:100px;\"><div class=\"fusion-separator-border sep-single sep-solid\" style=\"--awb-height:20px;--awb-amount:20px;--awb-sep-color:var(--awb-color4);border-color:var(--awb-color4);border-top-width:2px;\"><\/div><\/div><div class=\"fusion-text fusion-text-2\"><p>L\u2019appareil \u00e0 gicler universel pour tous les clients qui estiment des travails efficients et d\u2019une haute qualit\u00e9. Le design moderne et techniquement optimis\u00e9 du SG 90 E offre des avantages primordiales:<\/p>\n<\/div><ul style=\"--awb-item-padding-top:0.5em;--awb-item-padding-bottom:0.5em;--awb-line-height:27.2px;--awb-icon-width:27.2px;--awb-icon-height:27.2px;--awb-icon-margin:11.2px;--awb-content-margin:38.4px;--awb-circlecolor:var(--awb-color4);--awb-circle-yes-font-size:14.08px;\" class=\"fusion-checklist fusion-checklist-1 type-icons\"><li class=\"fusion-li-item\" style=\"\"><span class=\"icon-wrapper circle-yes\"><i class=\"fusion-li-icon fa-angle-right fas\" aria-hidden=\"true\"><\/i><\/span><div class=\"fusion-li-item-content\">\n<p>Qualifi\u00e9 pour tous les mat\u00e9riaux pulv\u00e9risables<\/p>\n<\/div><\/li><li class=\"fusion-li-item\" style=\"\"><span class=\"icon-wrapper circle-yes\"><i class=\"fusion-li-icon fa-angle-right fas\" aria-hidden=\"true\"><\/i><\/span><div class=\"fusion-li-item-content\">\n<p>La t\u00eate de l&rsquo;appareil est pivotant pour tous les styles du jet divers (plat, b\u00e2ton et large)<\/p>\n<\/div><\/li><li class=\"fusion-li-item\" style=\"\"><span class=\"icon-wrapper circle-yes\"><i class=\"fusion-li-icon fa-angle-right fas\" aria-hidden=\"true\"><\/i><\/span><div class=\"fusion-li-item-content\">\n<p>Air chaud sans condensat et sans huile pour surfaces parfaites<\/p>\n<\/div><\/li><li class=\"fusion-li-item\" style=\"\"><span class=\"icon-wrapper circle-yes\"><i class=\"fusion-li-icon fa-angle-right fas\" aria-hidden=\"true\"><\/i><\/span><div class=\"fusion-li-item-content\">\n<p>Moins de brouillard de peinture ainsi que de mat\u00e9riaux gr\u00e2ce au proc\u00e9d\u00e9 de giclage \u00e0 basse pression<\/p>\n<\/div><\/li><li class=\"fusion-li-item\" style=\"\"><span class=\"icon-wrapper circle-yes\"><i class=\"fusion-li-icon fa-angle-right fas\" aria-hidden=\"true\"><\/i><\/span><div class=\"fusion-li-item-content\">\n<p>R\u00e9gulation \u00e9lectronique en continu de la quantit\u00e9 de l\u2019air et de la pression<\/p>\n<\/div><\/li><li class=\"fusion-li-item\" style=\"\"><span class=\"icon-wrapper circle-yes\"><i class=\"fusion-li-icon fa-angle-right fas\" aria-hidden=\"true\"><\/i><\/span><div class=\"fusion-li-item-content\">\n<p>Maniement facile et application pr\u00e9cise<\/p>\n<\/div><\/li><li class=\"fusion-li-item\" style=\"\"><span class=\"icon-wrapper circle-yes\"><i class=\"fusion-li-icon fa-angle-right fas\" aria-hidden=\"true\"><\/i><\/span><div class=\"fusion-li-item-content\">\n<p>Nettoyage et maintenance facile<\/p>\n<\/div><\/li><li class=\"fusion-li-item\" style=\"\"><span class=\"icon-wrapper circle-yes\"><i class=\"fusion-li-icon fa-angle-right fas\" aria-hidden=\"true\"><\/i><\/span><div class=\"fusion-li-item-content\">\n<p>Grande robustesse et longue dur\u00e9e de vie<\/p>\n<\/div><\/li><\/ul><div class=\"fusion-text fusion-text-3\" style=\"--awb-margin-top:20px;\"><p>Vous trouverez les accessoires adapt\u00e9s au SG 90 E dans la liste \u00e0 droite. Pour les surfaces plus importantes, nous proposons \u00e9galement le <a href=\"https:\/\/www.ehrensperger-ag.ch\/farbspritzgeraete\/sg-2500-e\/\">SG 2500 E<\/a>.<\/p>\n<\/div><div ><a class=\"fusion-button button-flat fusion-button-default-size button-default fusion-button-default button-2 fusion-button-span-yes fusion-button-default-type\" style=\"--button_margin-top:25px;\" target=\"_self\" href=\"https:\/\/www.ehrensperger-ag.ch\/fr\/contact\/\"><span class=\"fusion-button-text awb-button__text awb-button__text--default\">Contactez-nous<\/span><\/a><\/div><\/div><\/div><div class=\"fusion-layout-column fusion_builder_column fusion-builder-column-2 fusion_builder_column_1_4 1_4 fusion-flex-column downloads-sidebar\" style=\"--awb-padding-top:20px;--awb-padding-right:20px;--awb-padding-bottom:20px;--awb-padding-left:20px;--awb-bg-color:var(--awb-color2);--awb-bg-color-hover:var(--awb-color2);--awb-bg-size:cover;--awb-width-large:25%;--awb-margin-top-large:0px;--awb-spacing-right-large:7.68%;--awb-margin-bottom-large:20px;--awb-spacing-left-large:7.68%;--awb-width-medium:25%;--awb-order-medium:0;--awb-spacing-right-medium:7.68%;--awb-spacing-left-medium:7.68%;--awb-width-small:100%;--awb-order-small:0;--awb-spacing-right-small:1.92%;--awb-spacing-left-small:1.92%;\"><div class=\"fusion-column-wrapper fusion-column-has-shadow fusion-flex-justify-content-flex-start fusion-content-layout-column\"><div class=\"fusion-title title fusion-title-2 fusion-sep-none fusion-title-text fusion-title-size-four\" style=\"--awb-text-color:var(--awb-color5);--awb-margin-top-small:10px;--awb-margin-right-small:0px;--awb-margin-bottom-small:10px;--awb-margin-left-small:0px;\"><h4 class=\"fusion-title-heading title-heading-left\" style=\"margin:0;\">Downloads<\/h4><\/div><div class=\"fusion-builder-row fusion-builder-row-inner fusion-row fusion-flex-align-items-stretch fusion-flex-content-wrap\" style=\"--awb-flex-grow:0;--awb-flex-grow-medium:0;--awb-flex-grow-small:0;--awb-flex-shrink:0;--awb-flex-shrink-medium:0;--awb-flex-shrink-small:0;width:104% !important;max-width:104% !important;margin-left: calc(-4% \/ 2 );margin-right: calc(-4% \/ 2 );\"><div class=\"fusion-layout-column fusion_builder_column_inner fusion-builder-nested-column-0 fusion_builder_column_inner_1_2 1_2 fusion-flex-column fusion-column-inner-bg-wrapper fusion-column-liftup-border sidebar-download-column\" style=\"--awb-inner-bg-size:cover;--awb-inner-bg-box-shadow:0px 10px 30px 3px rgba(0,0,0,0.15);;--awb-width-large:50%;--awb-margin-top-large:0px;--awb-spacing-right-large:10px;--awb-margin-bottom-large:20px;--awb-spacing-left-large:3.84%;--awb-width-medium:50%;--awb-order-medium:0;--awb-spacing-right-medium:10px;--awb-spacing-left-medium:3.84%;--awb-width-small:100%;--awb-order-small:0;--awb-spacing-right-small:1.92%;--awb-spacing-left-small:1.92%;\"><span class=\"fusion-column-inner-bg hover-type-liftup\"><a class=\"fusion-column-anchor\" href=\"https:\/\/www.ehrensperger-ag.ch\/wp-content\/uploads\/2022\/12\/SG90E.pdf\" rel=\"noopener noreferrer\" target=\"_blank\"><span class=\"fusion-column-inner-bg-image\"><\/span><\/a><\/span><div class=\"fusion-column-wrapper fusion-flex-justify-content-flex-start fusion-content-layout-column\"><div class=\"fusion-image-element \" style=\"--awb-liftup-border-radius:0px;--awb-aspect-ratio:1 \/ 1;--awb-object-position:17% 0%;--awb-caption-title-font-family:var(--h2_typography-font-family);--awb-caption-title-font-weight:var(--h2_typography-font-weight);--awb-caption-title-font-style:var(--h2_typography-font-style);--awb-caption-title-size:var(--h2_typography-font-size);--awb-caption-title-transform:var(--h2_typography-text-transform);--awb-caption-title-line-height:var(--h2_typography-line-height);--awb-caption-title-letter-spacing:var(--h2_typography-letter-spacing);\"><div class=\"awb-image-frame awb-image-frame-2 imageframe-liftup\"><span class=\" fusion-imageframe imageframe-none imageframe-2 has-aspect-ratio\"><img decoding=\"async\" width=\"749\" height=\"1024\" title=\"SG90E\" src=\"https:\/\/www.ehrensperger-ag.ch\/wp-content\/uploads\/2022\/12\/SG90E-1.jpg\" data-orig-src=\"https:\/\/www.ehrensperger-ag.ch\/wp-content\/uploads\/2022\/12\/SG90E-1.jpg\" class=\"lazyload img-responsive wp-image-2704 img-with-aspect-ratio\" data-parent-fit=\"cover\" data-parent-container=\".fusion-image-element\" alt srcset=\"data:image\/svg+xml,%3Csvg%20xmlns%3D%27http%3A%2F%2Fwww.w3.org%2F2000%2Fsvg%27%20width%3D%27749%27%20height%3D%271024%27%20viewBox%3D%270%200%20749%201024%27%3E%3Crect%20width%3D%27749%27%20height%3D%271024%27%20fill-opacity%3D%220%22%2F%3E%3C%2Fsvg%3E\" data-srcset=\"https:\/\/www.ehrensperger-ag.ch\/wp-content\/uploads\/2022\/12\/SG90E-1-200x273.jpg 200w, https:\/\/www.ehrensperger-ag.ch\/wp-content\/uploads\/2022\/12\/SG90E-1-400x547.jpg 400w, https:\/\/www.ehrensperger-ag.ch\/wp-content\/uploads\/2022\/12\/SG90E-1-600x820.jpg 600w, https:\/\/www.ehrensperger-ag.ch\/wp-content\/uploads\/2022\/12\/SG90E-1.jpg 749w\" data-sizes=\"auto\" data-orig-sizes=\"(max-width: 667px) 100vw, 749px\" \/><\/span><\/div><\/div><div class=\"fusion-text fusion-text-4 fusion-text-no-margin\" style=\"--awb-content-alignment:center;--awb-font-size:14px;--awb-line-height:1.2em;--awb-margin-top:10px;--awb-margin-right:10px;--awb-margin-bottom:10px;--awb-margin-left:10px;\"><p>L\u2019appareil \u00e0 gicler ABAC-PAGERIS SG 90<\/p>\n<\/div><\/div><\/div><div class=\"fusion-layout-column fusion_builder_column_inner fusion-builder-nested-column-1 fusion_builder_column_inner_1_2 1_2 fusion-flex-column fusion-column-inner-bg-wrapper fusion-column-liftup-border sidebar-download-column\" style=\"--awb-inner-bg-size:cover;--awb-inner-bg-box-shadow:0px 10px 30px 3px rgba(0,0,0,0.15);;--awb-width-large:50%;--awb-margin-top-large:0px;--awb-spacing-right-large:10px;--awb-margin-bottom-large:20px;--awb-spacing-left-large:3.84%;--awb-width-medium:50%;--awb-order-medium:0;--awb-spacing-right-medium:10px;--awb-spacing-left-medium:3.84%;--awb-width-small:100%;--awb-order-small:0;--awb-spacing-right-small:1.92%;--awb-spacing-left-small:1.92%;\"><span class=\"fusion-column-inner-bg hover-type-liftup\"><a class=\"fusion-column-anchor\" href=\"https:\/\/www.ehrensperger-ag.ch\/wp-content\/uploads\/2022\/12\/SG90E_manual.pdf\" rel=\"noopener noreferrer\" target=\"_blank\"><span class=\"fusion-column-inner-bg-image\"><\/span><\/a><\/span><div class=\"fusion-column-wrapper fusion-flex-justify-content-flex-start fusion-content-layout-column\"><div class=\"fusion-image-element \" style=\"--awb-liftup-border-radius:0px;--awb-aspect-ratio:1 \/ 1;--awb-object-position:30% 9%;--awb-caption-title-font-family:var(--h2_typography-font-family);--awb-caption-title-font-weight:var(--h2_typography-font-weight);--awb-caption-title-font-style:var(--h2_typography-font-style);--awb-caption-title-size:var(--h2_typography-font-size);--awb-caption-title-transform:var(--h2_typography-text-transform);--awb-caption-title-line-height:var(--h2_typography-line-height);--awb-caption-title-letter-spacing:var(--h2_typography-letter-spacing);\"><div class=\"awb-image-frame awb-image-frame-3 imageframe-liftup\"><span class=\" fusion-imageframe imageframe-none imageframe-3 has-aspect-ratio\"><img decoding=\"async\" width=\"1024\" height=\"723\" title=\"SG90E_manual-1\" src=\"https:\/\/www.ehrensperger-ag.ch\/wp-content\/uploads\/2022\/12\/SG90E_manual-1.jpg\" data-orig-src=\"https:\/\/www.ehrensperger-ag.ch\/wp-content\/uploads\/2022\/12\/SG90E_manual-1.jpg\" class=\"lazyload img-responsive wp-image-2716 img-with-aspect-ratio\" data-parent-fit=\"cover\" data-parent-container=\".fusion-image-element\" alt srcset=\"data:image\/svg+xml,%3Csvg%20xmlns%3D%27http%3A%2F%2Fwww.w3.org%2F2000%2Fsvg%27%20width%3D%271024%27%20height%3D%27723%27%20viewBox%3D%270%200%201024%20723%27%3E%3Crect%20width%3D%271024%27%20height%3D%27723%27%20fill-opacity%3D%220%22%2F%3E%3C%2Fsvg%3E\" data-srcset=\"https:\/\/www.ehrensperger-ag.ch\/wp-content\/uploads\/2022\/12\/SG90E_manual-1-200x141.jpg 200w, https:\/\/www.ehrensperger-ag.ch\/wp-content\/uploads\/2022\/12\/SG90E_manual-1-400x282.jpg 400w, https:\/\/www.ehrensperger-ag.ch\/wp-content\/uploads\/2022\/12\/SG90E_manual-1-600x424.jpg 600w, https:\/\/www.ehrensperger-ag.ch\/wp-content\/uploads\/2022\/12\/SG90E_manual-1-800x565.jpg 800w, https:\/\/www.ehrensperger-ag.ch\/wp-content\/uploads\/2022\/12\/SG90E_manual-1.jpg 1024w\" data-sizes=\"auto\" data-orig-sizes=\"(max-width: 667px) 100vw, 1024px\" \/><\/span><\/div><\/div><div class=\"fusion-text fusion-text-5 fusion-text-no-margin\" style=\"--awb-content-alignment:center;--awb-font-size:14px;--awb-line-height:1.2em;--awb-margin-top:10px;--awb-margin-right:10px;--awb-margin-bottom:10px;--awb-margin-left:10px;\"><p>Manuel d&rsquo;utilisation SG 90<\/p>\n<\/div><\/div><\/div><\/div><\/div><\/div><\/div><\/div>\n","protected":false},"excerpt":{"rendered":"","protected":false},"author":2,"featured_media":0,"parent":2755,"menu_order":0,"comment_status":"closed","ping_status":"closed","template":"","meta":{"footnotes":""},"class_list":["post-2836","page","type-page","status-publish","hentry"],"yoast_head":"<!-- This site is optimized with the Yoast SEO plugin v27.1.1 - https:\/\/yoast.com\/product\/yoast-seo-wordpress\/ -->\n<title>L\u2019appareil \u00e0 gicler SG 90 E - C. Ehrensperger AG<\/title>\n<meta name=\"robots\" content=\"index, follow, max-snippet:-1, max-image-preview:large, max-video-preview:-1\" \/>\n<link rel=\"canonical\" href=\"https:\/\/www.ehrensperger-ag.ch\/fr\/appareils-a-gicler-a-basse-pression\/lappareil-a-gicler-sg-90-e\/\" \/>\n<meta property=\"og:locale\" content=\"fr_FR\" \/>\n<meta property=\"og:type\" content=\"article\" \/>\n<meta property=\"og:title\" content=\"L\u2019appareil \u00e0 gicler SG 90 E - C. Ehrensperger AG\" \/>\n<meta property=\"og:url\" content=\"https:\/\/www.ehrensperger-ag.ch\/fr\/appareils-a-gicler-a-basse-pression\/lappareil-a-gicler-sg-90-e\/\" \/>\n<meta property=\"og:site_name\" content=\"C. Ehrensperger AG\" \/>\n<meta property=\"article:modified_time\" content=\"2025-09-09T12:17:16+00:00\" \/>\n<meta name=\"twitter:card\" content=\"summary_large_image\" \/>\n<meta name=\"twitter:label1\" content=\"Dur\u00e9e de lecture estim\u00e9e\" \/>\n\t<meta name=\"twitter:data1\" content=\"2 minutes\" \/>\n<script type=\"application\/ld+json\" class=\"yoast-schema-graph\">{\"@context\":\"https:\/\/schema.org\",\"@graph\":[{\"@type\":\"WebPage\",\"@id\":\"https:\/\/www.ehrensperger-ag.ch\/fr\/appareils-a-gicler-a-basse-pression\/lappareil-a-gicler-sg-90-e\/\",\"url\":\"https:\/\/www.ehrensperger-ag.ch\/fr\/appareils-a-gicler-a-basse-pression\/lappareil-a-gicler-sg-90-e\/\",\"name\":\"L\u2019appareil \u00e0 gicler SG 90 E - C. Ehrensperger AG\",\"isPartOf\":{\"@id\":\"https:\/\/www.ehrensperger-ag.ch\/#website\"},\"datePublished\":\"2022-12-13T05:52:37+00:00\",\"dateModified\":\"2025-09-09T12:17:16+00:00\",\"breadcrumb\":{\"@id\":\"https:\/\/www.ehrensperger-ag.ch\/fr\/appareils-a-gicler-a-basse-pression\/lappareil-a-gicler-sg-90-e\/#breadcrumb\"},\"inLanguage\":\"fr-FR\",\"potentialAction\":[{\"@type\":\"ReadAction\",\"target\":[\"https:\/\/www.ehrensperger-ag.ch\/fr\/appareils-a-gicler-a-basse-pression\/lappareil-a-gicler-sg-90-e\/\"]}]},{\"@type\":\"BreadcrumbList\",\"@id\":\"https:\/\/www.ehrensperger-ag.ch\/fr\/appareils-a-gicler-a-basse-pression\/lappareil-a-gicler-sg-90-e\/#breadcrumb\",\"itemListElement\":[{\"@type\":\"ListItem\",\"position\":1,\"name\":\"Startseite\",\"item\":\"https:\/\/www.ehrensperger-ag.ch\/fr\/home\/\"},{\"@type\":\"ListItem\",\"position\":2,\"name\":\"Appareils \u00e0 gicler \u00e0 basse pression\",\"item\":\"https:\/\/www.ehrensperger-ag.ch\/fr\/appareils-a-gicler-a-basse-pression\/\"},{\"@type\":\"ListItem\",\"position\":3,\"name\":\"L\u2019appareil \u00e0 gicler SG 90 E\"}]},{\"@type\":\"WebSite\",\"@id\":\"https:\/\/www.ehrensperger-ag.ch\/#website\",\"url\":\"https:\/\/www.ehrensperger-ag.ch\/\",\"name\":\"C. Ehrensperger AG\",\"description\":\"Mischer und Pumpen\",\"potentialAction\":[{\"@type\":\"SearchAction\",\"target\":{\"@type\":\"EntryPoint\",\"urlTemplate\":\"https:\/\/www.ehrensperger-ag.ch\/?s={search_term_string}\"},\"query-input\":{\"@type\":\"PropertyValueSpecification\",\"valueRequired\":true,\"valueName\":\"search_term_string\"}}],\"inLanguage\":\"fr-FR\"}]}<\/script>\n<!-- \/ Yoast SEO plugin. -->","yoast_head_json":{"title":"L\u2019appareil \u00e0 gicler SG 90 E - C. Ehrensperger AG","robots":{"index":"index","follow":"follow","max-snippet":"max-snippet:-1","max-image-preview":"max-image-preview:large","max-video-preview":"max-video-preview:-1"},"canonical":"https:\/\/www.ehrensperger-ag.ch\/fr\/appareils-a-gicler-a-basse-pression\/lappareil-a-gicler-sg-90-e\/","og_locale":"fr_FR","og_type":"article","og_title":"L\u2019appareil \u00e0 gicler SG 90 E - C. Ehrensperger AG","og_url":"https:\/\/www.ehrensperger-ag.ch\/fr\/appareils-a-gicler-a-basse-pression\/lappareil-a-gicler-sg-90-e\/","og_site_name":"C. Ehrensperger AG","article_modified_time":"2025-09-09T12:17:16+00:00","twitter_card":"summary_large_image","twitter_misc":{"Dur\u00e9e de lecture estim\u00e9e":"2 minutes"},"schema":{"@context":"https:\/\/schema.org","@graph":[{"@type":"WebPage","@id":"https:\/\/www.ehrensperger-ag.ch\/fr\/appareils-a-gicler-a-basse-pression\/lappareil-a-gicler-sg-90-e\/","url":"https:\/\/www.ehrensperger-ag.ch\/fr\/appareils-a-gicler-a-basse-pression\/lappareil-a-gicler-sg-90-e\/","name":"L\u2019appareil \u00e0 gicler SG 90 E - C. Ehrensperger AG","isPartOf":{"@id":"https:\/\/www.ehrensperger-ag.ch\/#website"},"datePublished":"2022-12-13T05:52:37+00:00","dateModified":"2025-09-09T12:17:16+00:00","breadcrumb":{"@id":"https:\/\/www.ehrensperger-ag.ch\/fr\/appareils-a-gicler-a-basse-pression\/lappareil-a-gicler-sg-90-e\/#breadcrumb"},"inLanguage":"fr-FR","potentialAction":[{"@type":"ReadAction","target":["https:\/\/www.ehrensperger-ag.ch\/fr\/appareils-a-gicler-a-basse-pression\/lappareil-a-gicler-sg-90-e\/"]}]},{"@type":"BreadcrumbList","@id":"https:\/\/www.ehrensperger-ag.ch\/fr\/appareils-a-gicler-a-basse-pression\/lappareil-a-gicler-sg-90-e\/#breadcrumb","itemListElement":[{"@type":"ListItem","position":1,"name":"Startseite","item":"https:\/\/www.ehrensperger-ag.ch\/fr\/home\/"},{"@type":"ListItem","position":2,"name":"Appareils \u00e0 gicler \u00e0 basse pression","item":"https:\/\/www.ehrensperger-ag.ch\/fr\/appareils-a-gicler-a-basse-pression\/"},{"@type":"ListItem","position":3,"name":"L\u2019appareil \u00e0 gicler SG 90 E"}]},{"@type":"WebSite","@id":"https:\/\/www.ehrensperger-ag.ch\/#website","url":"https:\/\/www.ehrensperger-ag.ch\/","name":"C. Ehrensperger AG","description":"Mischer und Pumpen","potentialAction":[{"@type":"SearchAction","target":{"@type":"EntryPoint","urlTemplate":"https:\/\/www.ehrensperger-ag.ch\/?s={search_term_string}"},"query-input":{"@type":"PropertyValueSpecification","valueRequired":true,"valueName":"search_term_string"}}],"inLanguage":"fr-FR"}]}},"_links":{"self":[{"href":"https:\/\/www.ehrensperger-ag.ch\/fr\/wp-json\/wp\/v2\/pages\/2836","targetHints":{"allow":["GET"]}}],"collection":[{"href":"https:\/\/www.ehrensperger-ag.ch\/fr\/wp-json\/wp\/v2\/pages"}],"about":[{"href":"https:\/\/www.ehrensperger-ag.ch\/fr\/wp-json\/wp\/v2\/types\/page"}],"author":[{"embeddable":true,"href":"https:\/\/www.ehrensperger-ag.ch\/fr\/wp-json\/wp\/v2\/users\/2"}],"replies":[{"embeddable":true,"href":"https:\/\/www.ehrensperger-ag.ch\/fr\/wp-json\/wp\/v2\/comments?post=2836"}],"version-history":[{"count":7,"href":"https:\/\/www.ehrensperger-ag.ch\/fr\/wp-json\/wp\/v2\/pages\/2836\/revisions"}],"predecessor-version":[{"id":6352,"href":"https:\/\/www.ehrensperger-ag.ch\/fr\/wp-json\/wp\/v2\/pages\/2836\/revisions\/6352"}],"up":[{"embeddable":true,"href":"https:\/\/www.ehrensperger-ag.ch\/fr\/wp-json\/wp\/v2\/pages\/2755"}],"wp:attachment":[{"href":"https:\/\/www.ehrensperger-ag.ch\/fr\/wp-json\/wp\/v2\/media?parent=2836"}],"curies":[{"name":"wp","href":"https:\/\/api.w.org\/{rel}","templated":true}]}}